{"id":6607,"date":"2024-04-15T11:57:53","date_gmt":"2024-04-15T11:57:53","guid":{"rendered":"https:\/\/cirandadaarte.com.br\/webzine\/?page_id=6607"},"modified":"2025-06-26T13:10:30","modified_gmt":"2025-06-26T13:10:30","slug":"galeria-virtual","status":"publish","type":"page","link":"https:\/\/cirandadaarte.com.br\/webzine\/galeria-virtual\/","title":{"rendered":"Galeria Virtual"},"content":{"rendered":"\t\t<div data-elementor-type=\"wp-page\" data-elementor-id=\"6607\" class=\"elementor elementor-6607\" data-elementor-post-type=\"page\">\n\t\t\t\t\t\t<section class=\"elementor-section elementor-top-section elementor-element elementor-element-e9f0cb7 elementor-section-full_width elementor-section-height-default elementor-section-height-default\" data-id=\"e9f0cb7\" data-element_type=\"section\" data-settings=\"{&quot;background_background&quot;:&quot;classic&quot;}\">\n\t\t\t\t\t\t<div class=\"elementor-container elementor-column-gap-default\">\n\t\t\t\t\t<div class=\"elementor-column elementor-col-33 elementor-top-column elementor-element elementor-element-d915663\" data-id=\"d915663\" data-element_type=\"column\" data-settings=\"{&quot;background_background&quot;:&quot;classic&quot;}\">\n\t\t\t<div class=\"elementor-widget-wrap\">\n\t\t\t\t\t\t\t<\/div>\n\t\t<\/div>\n\t\t\t\t<div class=\"elementor-column elementor-col-33 elementor-top-column elementor-element elementor-element-ac37733 elementor-hidden-tablet elementor-hidden-mobile\" data-id=\"ac37733\" data-element_type=\"column\">\n\t\t\t<div class=\"elementor-widget-wrap\">\n\t\t\t\t\t\t\t<\/div>\n\t\t<\/div>\n\t\t\t\t<div class=\"elementor-column elementor-col-33 elementor-top-column elementor-element elementor-element-2d4c52b\" data-id=\"2d4c52b\" data-element_type=\"column\">\n\t\t\t<div class=\"elementor-widget-wrap elementor-element-populated\">\n\t\t\t\t\t\t<div class=\"elementor-element elementor-element-5be7dfb elementor-nav-menu__align-center elementor-nav-menu--dropdown-tablet elementor-nav-menu__text-align-aside elementor-nav-menu--toggle elementor-nav-menu--burger elementor-widget elementor-widget-nav-menu\" data-id=\"5be7dfb\" data-element_type=\"widget\" data-settings=\"{&quot;layout&quot;:&quot;horizontal&quot;,&quot;submenu_icon&quot;:{&quot;value&quot;:&quot;&lt;i class=\\&quot;fas fa-caret-down\\&quot;&gt;&lt;\\\/i&gt;&quot;,&quot;library&quot;:&quot;fa-solid&quot;},&quot;toggle&quot;:&quot;burger&quot;}\" data-widget_type=\"nav-menu.default\">\n\t\t\t\t<div class=\"elementor-widget-container\">\n\t\t\t\t\t\t\t\t<nav aria-label=\"Menu\" class=\"elementor-nav-menu--main elementor-nav-menu__container elementor-nav-menu--layout-horizontal e--pointer-underline e--animation-fade\">\n\t\t\t\t<ul id=\"menu-1-5be7dfb\" class=\"elementor-nav-menu\"><li class=\"menu-item menu-item-type-post_type menu-item-object-page menu-item-home menu-item-120\"><a href=\"https:\/\/cirandadaarte.com.br\/webzine\/\" class=\"elementor-item\">HOME<\/a><\/li>\n<li class=\"menu-item menu-item-type-custom menu-item-object-custom menu-item-has-children menu-item-121\"><a href=\"#\" class=\"elementor-item elementor-item-anchor\">AREAS<\/a>\n<ul class=\"sub-menu elementor-nav-menu--dropdown\">\n\t<li class=\"menu-item menu-item-type-post_type menu-item-object-page menu-item-200\"><a href=\"https:\/\/cirandadaarte.com.br\/webzine\/artes-visuais\/\" class=\"elementor-sub-item\">ARTES VISUAIS<\/a><\/li>\n\t<li class=\"menu-item menu-item-type-post_type menu-item-object-page menu-item-713\"><a href=\"https:\/\/cirandadaarte.com.br\/webzine\/danca\/\" class=\"elementor-sub-item\">DAN\u00c7A<\/a><\/li>\n\t<li class=\"menu-item menu-item-type-post_type menu-item-object-page menu-item-714\"><a href=\"https:\/\/cirandadaarte.com.br\/webzine\/musica\/\" class=\"elementor-sub-item\">MUSICA<\/a><\/li>\n\t<li class=\"menu-item menu-item-type-post_type menu-item-object-page menu-item-712\"><a href=\"https:\/\/cirandadaarte.com.br\/webzine\/teatro\/\" class=\"elementor-sub-item\">TEATRO<\/a><\/li>\n\t<li class=\"menu-item menu-item-type-post_type menu-item-object-page menu-item-8002\"><a href=\"https:\/\/cirandadaarte.com.br\/webzine\/audiovisiual\/\" class=\"elementor-sub-item\">AUDIOVISUAL<\/a><\/li>\n<\/ul>\n<\/li>\n<li class=\"menu-item menu-item-type-custom menu-item-object-custom menu-item-127\"><a href=\"https:\/\/cirandadaarte.com.br\/webzine\/publicacao\/\" class=\"elementor-item\">PUBLICA\u00c7\u00d5ES<\/a><\/li>\n<li class=\"menu-item menu-item-type-post_type menu-item-object-page menu-item-6953\"><a href=\"https:\/\/cirandadaarte.com.br\/webzine\/galeria-virtual\/\" class=\"elementor-item\">GALERIA VIRTUAL<\/a><\/li>\n<\/ul>\t\t\t<\/nav>\n\t\t\t\t\t<div class=\"elementor-menu-toggle\" role=\"button\" tabindex=\"0\" aria-label=\"Menu Toggle\" aria-expanded=\"false\">\n\t\t\t<i aria-hidden=\"true\" role=\"presentation\" class=\"elementor-menu-toggle__icon--open eicon-menu-bar\"><\/i><i aria-hidden=\"true\" role=\"presentation\" class=\"elementor-menu-toggle__icon--close eicon-close\"><\/i>\t\t\t<span class=\"elementor-screen-only\">Menu<\/span>\n\t\t<\/div>\n\t\t\t\t\t<nav class=\"elementor-nav-menu--dropdown elementor-nav-menu__container\" aria-hidden=\"true\">\n\t\t\t\t<ul id=\"menu-2-5be7dfb\" class=\"elementor-nav-menu\"><li class=\"menu-item menu-item-type-post_type menu-item-object-page menu-item-home menu-item-120\"><a href=\"https:\/\/cirandadaarte.com.br\/webzine\/\" class=\"elementor-item\" tabindex=\"-1\">HOME<\/a><\/li>\n<li class=\"menu-item menu-item-type-custom menu-item-object-custom menu-item-has-children menu-item-121\"><a href=\"#\" class=\"elementor-item elementor-item-anchor\" tabindex=\"-1\">AREAS<\/a>\n<ul class=\"sub-menu elementor-nav-menu--dropdown\">\n\t<li class=\"menu-item menu-item-type-post_type menu-item-object-page menu-item-200\"><a href=\"https:\/\/cirandadaarte.com.br\/webzine\/artes-visuais\/\" class=\"elementor-sub-item\" tabindex=\"-1\">ARTES VISUAIS<\/a><\/li>\n\t<li class=\"menu-item menu-item-type-post_type menu-item-object-page menu-item-713\"><a href=\"https:\/\/cirandadaarte.com.br\/webzine\/danca\/\" class=\"elementor-sub-item\" tabindex=\"-1\">DAN\u00c7A<\/a><\/li>\n\t<li class=\"menu-item menu-item-type-post_type menu-item-object-page menu-item-714\"><a href=\"https:\/\/cirandadaarte.com.br\/webzine\/musica\/\" class=\"elementor-sub-item\" tabindex=\"-1\">MUSICA<\/a><\/li>\n\t<li class=\"menu-item menu-item-type-post_type menu-item-object-page menu-item-712\"><a href=\"https:\/\/cirandadaarte.com.br\/webzine\/teatro\/\" class=\"elementor-sub-item\" tabindex=\"-1\">TEATRO<\/a><\/li>\n\t<li class=\"menu-item menu-item-type-post_type menu-item-object-page menu-item-8002\"><a href=\"https:\/\/cirandadaarte.com.br\/webzine\/audiovisiual\/\" class=\"elementor-sub-item\" tabindex=\"-1\">AUDIOVISUAL<\/a><\/li>\n<\/ul>\n<\/li>\n<li class=\"menu-item menu-item-type-custom menu-item-object-custom menu-item-127\"><a href=\"https:\/\/cirandadaarte.com.br\/webzine\/publicacao\/\" class=\"elementor-item\" tabindex=\"-1\">PUBLICA\u00c7\u00d5ES<\/a><\/li>\n<li class=\"menu-item menu-item-type-post_type menu-item-object-page menu-item-6953\"><a href=\"https:\/\/cirandadaarte.com.br\/webzine\/galeria-virtual\/\" class=\"elementor-item\" tabindex=\"-1\">GALERIA VIRTUAL<\/a><\/li>\n<\/ul>\t\t\t<\/nav>\n\t\t\t\t\t\t<\/div>\n\t\t\t\t<\/div>\n\t\t\t\t\t<\/div>\n\t\t<\/div>\n\t\t\t\t\t<\/div>\n\t\t<\/section>\n\t\t\t\t<section class=\"elementor-section elementor-top-section elementor-element elementor-element-6bbab4d elementor-section-full_width elementor-section-height-default elementor-section-height-default\" data-id=\"6bbab4d\" data-element_type=\"section\">\n\t\t\t\t\t\t<div class=\"elementor-container elementor-column-gap-default\">\n\t\t\t\t\t<div class=\"elementor-column elementor-col-100 elementor-top-column elementor-element elementor-element-386184c\" data-id=\"386184c\" data-element_type=\"column\">\n\t\t\t<div class=\"elementor-widget-wrap elementor-element-populated\">\n\t\t\t\t\t\t<div class=\"elementor-element elementor-element-c6c09b9 elementor-widget elementor-widget-image\" data-id=\"c6c09b9\" data-element_type=\"widget\" data-widget_type=\"image.default\">\n\t\t\t\t<div class=\"elementor-widget-container\">\n\t\t\t\t\t\t\t\t\t\t\t\t\t\t\t<img fetchpriority=\"high\" decoding=\"async\" width=\"1600\" height=\"537\" src=\"https:\/\/cirandadaarte.com.br\/webzine\/wp-content\/uploads\/2024\/05\/Imagem-do-WhatsApp-de-2024-05-15-as-17.21.30_f4d95019.jpg\" class=\"attachment-full size-full wp-image-6729\" alt=\"\" srcset=\"https:\/\/cirandadaarte.com.br\/webzine\/wp-content\/uploads\/2024\/05\/Imagem-do-WhatsApp-de-2024-05-15-as-17.21.30_f4d95019.jpg 1600w, https:\/\/cirandadaarte.com.br\/webzine\/wp-content\/uploads\/2024\/05\/Imagem-do-WhatsApp-de-2024-05-15-as-17.21.30_f4d95019-300x101.jpg 300w, https:\/\/cirandadaarte.com.br\/webzine\/wp-content\/uploads\/2024\/05\/Imagem-do-WhatsApp-de-2024-05-15-as-17.21.30_f4d95019-1024x344.jpg 1024w, https:\/\/cirandadaarte.com.br\/webzine\/wp-content\/uploads\/2024\/05\/Imagem-do-WhatsApp-de-2024-05-15-as-17.21.30_f4d95019-768x258.jpg 768w, https:\/\/cirandadaarte.com.br\/webzine\/wp-content\/uploads\/2024\/05\/Imagem-do-WhatsApp-de-2024-05-15-as-17.21.30_f4d95019-1536x516.jpg 1536w, https:\/\/cirandadaarte.com.br\/webzine\/wp-content\/uploads\/2024\/05\/Imagem-do-WhatsApp-de-2024-05-15-as-17.21.30_f4d95019-1200x403.jpg 1200w\" sizes=\"(max-width: 1600px) 100vw, 1600px\" \/>\t\t\t\t\t\t\t\t\t\t\t\t\t\t\t<\/div>\n\t\t\t\t<\/div>\n\t\t\t\t\t<\/div>\n\t\t<\/div>\n\t\t\t\t\t<\/div>\n\t\t<\/section>\n\t\t\t\t<section class=\"elementor-section elementor-top-section elementor-element elementor-element-b9627ad elementor-section-boxed elementor-section-height-default elementor-section-height-default\" data-id=\"b9627ad\" data-element_type=\"section\" data-settings=\"{&quot;background_background&quot;:&quot;classic&quot;}\">\n\t\t\t\t\t\t<div class=\"elementor-container elementor-column-gap-no\">\n\t\t\t\t\t<div class=\"elementor-column elementor-col-100 elementor-top-column elementor-element elementor-element-5889e0f\" data-id=\"5889e0f\" data-element_type=\"column\">\n\t\t\t<div class=\"elementor-widget-wrap elementor-element-populated\">\n\t\t\t\t\t\t<div class=\"elementor-element elementor-element-6bd34ea elementor-widget elementor-widget-heading\" data-id=\"6bd34ea\" data-element_type=\"widget\" data-widget_type=\"heading.default\">\n\t\t\t\t<div class=\"elementor-widget-container\">\n\t\t\t\t\t<h4 class=\"elementor-heading-title elementor-size-default\">Projeto Galeria Virtual<\/h4>\t\t\t\t<\/div>\n\t\t\t\t<\/div>\n\t\t\t\t\t<\/div>\n\t\t<\/div>\n\t\t\t\t\t<\/div>\n\t\t<\/section>\n\t\t\t\t<section class=\"elementor-section elementor-top-section elementor-element elementor-element-e1c92db elementor-section-boxed elementor-section-height-default elementor-section-height-default\" data-id=\"e1c92db\" data-element_type=\"section\" data-settings=\"{&quot;background_background&quot;:&quot;classic&quot;}\">\n\t\t\t\t\t\t<div class=\"elementor-container elementor-column-gap-default\">\n\t\t\t\t\t<div class=\"elementor-column elementor-col-100 elementor-top-column elementor-element elementor-element-da2342f\" data-id=\"da2342f\" data-element_type=\"column\">\n\t\t\t<div class=\"elementor-widget-wrap elementor-element-populated\">\n\t\t\t\t\t\t<div class=\"elementor-element elementor-element-31b5327 elementor-widget elementor-widget-text-editor\" data-id=\"31b5327\" data-element_type=\"widget\" data-widget_type=\"text-editor.default\">\n\t\t\t\t<div class=\"elementor-widget-container\">\n\t\t\t\t\t\t\t\t\t<p style=\"text-align: center;\">A Galeria de Arte Virtuais s\u00e3o uma expans\u00e3o do projeto \u201cGalerias de Arte Itinerantes\u201d.<\/p><p>Este projeto foi desenvolvido com objetivo de expandir conhecimentos sobre as culturas ind\u00edgenas, afrocentradas e dissidentes de Goi\u00e1s mediante a viv\u00eancia e a visita\u00e7\u00e3o de obras art\u00edsticas. \u00c9 com este objetivo que a Secretaria de Estado da Educa\u00e7\u00e3o, por meio do Centro de Estudo e Pesquisa Ciranda da Arte, traz a expans\u00e3o deste projeto para as plataformas virtuais, tornando o conte\u00fado acess\u00edvel para professores e estudantes de diversos locais do Brasil e outras redes de ensino.<\/p><p>O projeto propicia aos estudantes a frui\u00e7\u00e3o art\u00edstica, ampliando os repert\u00f3rios cultural, social e visual. Com uma perspectiva decolonial, as exposi\u00e7\u00f5es abordam temas sens\u00edveis aos Direitos Humanos e \u00e0 Cidadania, praticando o antirracismo, reconhecendo a diversidade sexual e de g\u00eanero, fortalecendo o pertencimento territorial e construindo o respeito \u00e0s diferen\u00e7as. Al\u00e9m de descentralizar a arte, a proposta torna acess\u00edvel a experi\u00eancia da visita\u00e7\u00e3o de obras art\u00edsticas para todas as regi\u00f5es do estado de Goi\u00e1s, especialmente \u00e0quelas que est\u00e3o no interior. Em um movimento fluido de ir e vir, as \u201cExposi\u00e7\u00f5es Itinerantes\u201d chegam at\u00e9 as cidades, apresentando-se como uma alternativa de conhecimento, ao mesmo tempo em que espalham a curiosidade e o interesse sobre os elementos patrimoniais de cada lugar. Com as \u201cGalerias Virtuais\u201d, estas curiosidades e interesses ficam acess\u00edveis para professoras\/es e estudantes das diversas localidades brasileiras, ou seja, expandindo ainda mais tais propostas.<\/p><p>Virtualmente as galerias convidam as diversas comunidades estudantis, professoras\/es, familiares, e a sociedade em geral, a olhar para a multiplicidade cultural existente em Goi\u00e1s, a reconhecer as identidades plurais, a alimentar a mem\u00f3ria coletiva e a fortalecer os saberes locais e ancestrais. Partindo de t\u00e9cnicas consagradas das artes visuais, como a de desenho a l\u00e1pis\/grafite, e de t\u00e9cnicas contempor\u00e2neas, como a de pintura digital, a a\u00e7\u00e3o ainda estabelece v\u00ednculos entre estudantes e artistas por meio de oficinas pr\u00e1ticas. Durante a viv\u00eancia, os processos de cria\u00e7\u00e3o s\u00e3o abordados de maneira a favorecer o di\u00e1logo, a troca e a aprendizagem.<\/p><p>Texto: Ralyanara Freire<\/p>\t\t\t\t\t\t\t\t<\/div>\n\t\t\t\t<\/div>\n\t\t\t\t\t<\/div>\n\t\t<\/div>\n\t\t\t\t\t<\/div>\n\t\t<\/section>\n\t\t\t\t<section class=\"elementor-section elementor-top-section elementor-element elementor-element-87e71b7 elementor-section-boxed elementor-section-height-default elementor-section-height-default\" data-id=\"87e71b7\" data-element_type=\"section\">\n\t\t\t\t\t\t<div class=\"elementor-container elementor-column-gap-default\">\n\t\t\t\t\t<div class=\"elementor-column elementor-col-25 elementor-top-column elementor-element elementor-element-081fcf6\" data-id=\"081fcf6\" data-element_type=\"column\">\n\t\t\t<div class=\"elementor-widget-wrap\">\n\t\t\t\t\t\t\t<\/div>\n\t\t<\/div>\n\t\t\t\t<div class=\"elementor-column elementor-col-25 elementor-top-column elementor-element elementor-element-bb30a46\" data-id=\"bb30a46\" data-element_type=\"column\">\n\t\t\t<div class=\"elementor-widget-wrap elementor-element-populated\">\n\t\t\t\t\t\t<div class=\"elementor-element elementor-element-8f1efc7 elementor-widget elementor-widget-image\" data-id=\"8f1efc7\" data-element_type=\"widget\" data-widget_type=\"image.default\">\n\t\t\t\t<div class=\"elementor-widget-container\">\n\t\t\t\t\t\t\t\t\t\t\t\t\t\t\t\t<a href=\"https:\/\/cirandadaarte.com.br\/webzine\/galeria-virtual-perfis-originarios\/#Perfis_Originarios\">\n\t\t\t\t\t\t\t<img decoding=\"async\" width=\"630\" height=\"460\" src=\"https:\/\/cirandadaarte.com.br\/webzine\/wp-content\/uploads\/2024\/05\/Botao-AlecrimA.png\" class=\"elementor-animation-shrink attachment-full size-full wp-image-6784\" alt=\"\" srcset=\"https:\/\/cirandadaarte.com.br\/webzine\/wp-content\/uploads\/2024\/05\/Botao-AlecrimA.png 630w, https:\/\/cirandadaarte.com.br\/webzine\/wp-content\/uploads\/2024\/05\/Botao-AlecrimA-300x219.png 300w\" sizes=\"(max-width: 630px) 100vw, 630px\" \/>\t\t\t\t\t\t\t\t<\/a>\n\t\t\t\t\t\t\t\t\t\t\t\t\t\t\t<\/div>\n\t\t\t\t<\/div>\n\t\t\t\t\t<\/div>\n\t\t<\/div>\n\t\t\t\t<div class=\"elementor-column elementor-col-25 elementor-top-column elementor-element elementor-element-e6ce2da\" data-id=\"e6ce2da\" data-element_type=\"column\">\n\t\t\t<div class=\"elementor-widget-wrap elementor-element-populated\">\n\t\t\t\t\t\t<div class=\"elementor-element elementor-element-184002e elementor-widget elementor-widget-image\" data-id=\"184002e\" data-element_type=\"widget\" id=\"Afrofuturar\" data-widget_type=\"image.default\">\n\t\t\t\t<div class=\"elementor-widget-container\">\n\t\t\t\t\t\t\t\t\t\t\t\t\t\t\t\t<a href=\"https:\/\/cirandadaarte.com.br\/webzine\/galeria-virtual-afrofuturar\/#Afrofuturar\">\n\t\t\t\t\t\t\t<img decoding=\"async\" width=\"630\" height=\"460\" src=\"https:\/\/cirandadaarte.com.br\/webzine\/wp-content\/uploads\/2024\/05\/Botao-Aissi-A.png\" class=\"elementor-animation-shrink attachment-full size-full wp-image-6783\" alt=\"\" srcset=\"https:\/\/cirandadaarte.com.br\/webzine\/wp-content\/uploads\/2024\/05\/Botao-Aissi-A.png 630w, https:\/\/cirandadaarte.com.br\/webzine\/wp-content\/uploads\/2024\/05\/Botao-Aissi-A-300x219.png 300w\" sizes=\"(max-width: 630px) 100vw, 630px\" \/>\t\t\t\t\t\t\t\t<\/a>\n\t\t\t\t\t\t\t\t\t\t\t\t\t\t\t<\/div>\n\t\t\t\t<\/div>\n\t\t\t\t\t<\/div>\n\t\t<\/div>\n\t\t\t\t<div class=\"elementor-column elementor-col-25 elementor-top-column elementor-element elementor-element-1fb999c\" data-id=\"1fb999c\" data-element_type=\"column\">\n\t\t\t<div class=\"elementor-widget-wrap\">\n\t\t\t\t\t\t\t<\/div>\n\t\t<\/div>\n\t\t\t\t\t<\/div>\n\t\t<\/section>\n\t\t\t\t<\/div>\n\t\t","protected":false},"excerpt":{"rendered":"<p>Projeto Galeria Virtual A Galeria de Arte Virtuais s\u00e3o uma expans\u00e3o do projeto \u201cGalerias de Arte Itinerantes\u201d. Este projeto foi desenvolvido com objetivo de expandir conhecimentos sobre as culturas ind\u00edgenas, afrocentradas e dissidentes de Goi\u00e1s mediante a viv\u00eancia e a visita\u00e7\u00e3o de obras art\u00edsticas. \u00c9 com este objetivo que a Secretaria de Estado da Educa\u00e7\u00e3o, &hellip; <\/p>\n<p class=\"link-more\"><a href=\"https:\/\/cirandadaarte.com.br\/webzine\/galeria-virtual\/\" class=\"more-link\">Continue lendo<span class=\"screen-reader-text\"> &#8220;Galeria Virtual&#8221;<\/span><\/a><\/p>\n","protected":false},"author":1,"featured_media":0,"parent":0,"menu_order":0,"comment_status":"closed","ping_status":"closed","template":"elementor_canvas","meta":{"footnotes":""},"class_list":["post-6607","page","type-page","status-publish","hentry","entry"],"_links":{"self":[{"href":"https:\/\/cirandadaarte.com.br\/webzine\/wp-json\/wp\/v2\/pages\/6607","targetHints":{"allow":["GET"]}}],"collection":[{"href":"https:\/\/cirandadaarte.com.br\/webzine\/wp-json\/wp\/v2\/pages"}],"about":[{"href":"https:\/\/cirandadaarte.com.br\/webzine\/wp-json\/wp\/v2\/types\/page"}],"author":[{"embeddable":true,"href":"https:\/\/cirandadaarte.com.br\/webzine\/wp-json\/wp\/v2\/users\/1"}],"replies":[{"embeddable":true,"href":"https:\/\/cirandadaarte.com.br\/webzine\/wp-json\/wp\/v2\/comments?post=6607"}],"version-history":[{"count":106,"href":"https:\/\/cirandadaarte.com.br\/webzine\/wp-json\/wp\/v2\/pages\/6607\/revisions"}],"predecessor-version":[{"id":8695,"href":"https:\/\/cirandadaarte.com.br\/webzine\/wp-json\/wp\/v2\/pages\/6607\/revisions\/8695"}],"wp:attachment":[{"href":"https:\/\/cirandadaarte.com.br\/webzine\/wp-json\/wp\/v2\/media?parent=6607"}],"curies":[{"name":"wp","href":"https:\/\/api.w.org\/{rel}","templated":true}]}}