{"id":7875,"date":"2024-09-16T12:36:43","date_gmt":"2024-09-16T12:36:43","guid":{"rendered":"https:\/\/cirandadaarte.com.br\/webzine\/?page_id=7875"},"modified":"2025-06-26T12:51:17","modified_gmt":"2025-06-26T12:51:17","slug":"audiovisiual","status":"publish","type":"page","link":"https:\/\/cirandadaarte.com.br\/webzine\/audiovisiual\/","title":{"rendered":"Audiovisiual"},"content":{"rendered":"\t\t<div data-elementor-type=\"wp-page\" data-elementor-id=\"7875\" class=\"elementor elementor-7875\" data-elementor-post-type=\"page\">\n\t\t\t\t\t\t<section class=\"elementor-section elementor-top-section elementor-element elementor-element-8d6ff3b elementor-section-full_width elementor-section-height-default elementor-section-height-default\" data-id=\"8d6ff3b\" data-element_type=\"section\" data-settings=\"{&quot;background_background&quot;:&quot;classic&quot;}\">\n\t\t\t\t\t\t<div class=\"elementor-container elementor-column-gap-default\">\n\t\t\t\t\t<div class=\"elementor-column elementor-col-33 elementor-top-column elementor-element elementor-element-50bcfb4\" data-id=\"50bcfb4\" data-element_type=\"column\" data-settings=\"{&quot;background_background&quot;:&quot;classic&quot;}\">\n\t\t\t<div class=\"elementor-widget-wrap\">\n\t\t\t\t\t\t\t<\/div>\n\t\t<\/div>\n\t\t\t\t<div class=\"elementor-column elementor-col-33 elementor-top-column elementor-element elementor-element-a21538f elementor-hidden-tablet elementor-hidden-mobile\" data-id=\"a21538f\" data-element_type=\"column\">\n\t\t\t<div class=\"elementor-widget-wrap\">\n\t\t\t\t\t\t\t<\/div>\n\t\t<\/div>\n\t\t\t\t<div class=\"elementor-column elementor-col-33 elementor-top-column elementor-element elementor-element-f058200\" data-id=\"f058200\" data-element_type=\"column\">\n\t\t\t<div class=\"elementor-widget-wrap elementor-element-populated\">\n\t\t\t\t\t\t<div class=\"elementor-element elementor-element-a7e809e elementor-nav-menu__align-center elementor-nav-menu--dropdown-tablet elementor-nav-menu__text-align-aside elementor-nav-menu--toggle elementor-nav-menu--burger elementor-widget elementor-widget-nav-menu\" data-id=\"a7e809e\" data-element_type=\"widget\" data-settings=\"{&quot;layout&quot;:&quot;horizontal&quot;,&quot;submenu_icon&quot;:{&quot;value&quot;:&quot;&lt;i class=\\&quot;fas fa-caret-down\\&quot;&gt;&lt;\\\/i&gt;&quot;,&quot;library&quot;:&quot;fa-solid&quot;},&quot;toggle&quot;:&quot;burger&quot;}\" data-widget_type=\"nav-menu.default\">\n\t\t\t\t<div class=\"elementor-widget-container\">\n\t\t\t\t\t\t\t\t<nav aria-label=\"Menu\" class=\"elementor-nav-menu--main elementor-nav-menu__container elementor-nav-menu--layout-horizontal e--pointer-underline e--animation-fade\">\n\t\t\t\t<ul id=\"menu-1-a7e809e\" class=\"elementor-nav-menu\"><li class=\"menu-item menu-item-type-post_type menu-item-object-page menu-item-home menu-item-120\"><a href=\"https:\/\/cirandadaarte.com.br\/webzine\/\" class=\"elementor-item\">HOME<\/a><\/li>\n<li class=\"menu-item menu-item-type-custom menu-item-object-custom menu-item-has-children menu-item-121\"><a href=\"#\" class=\"elementor-item elementor-item-anchor\">AREAS<\/a>\n<ul class=\"sub-menu elementor-nav-menu--dropdown\">\n\t<li class=\"menu-item menu-item-type-post_type menu-item-object-page menu-item-200\"><a href=\"https:\/\/cirandadaarte.com.br\/webzine\/artes-visuais\/\" class=\"elementor-sub-item\">ARTES VISUAIS<\/a><\/li>\n\t<li class=\"menu-item menu-item-type-post_type menu-item-object-page menu-item-713\"><a href=\"https:\/\/cirandadaarte.com.br\/webzine\/danca\/\" class=\"elementor-sub-item\">DAN\u00c7A<\/a><\/li>\n\t<li class=\"menu-item menu-item-type-post_type menu-item-object-page menu-item-714\"><a href=\"https:\/\/cirandadaarte.com.br\/webzine\/musica\/\" class=\"elementor-sub-item\">MUSICA<\/a><\/li>\n\t<li class=\"menu-item menu-item-type-post_type menu-item-object-page menu-item-712\"><a href=\"https:\/\/cirandadaarte.com.br\/webzine\/teatro\/\" class=\"elementor-sub-item\">TEATRO<\/a><\/li>\n\t<li class=\"menu-item menu-item-type-post_type menu-item-object-page menu-item-8002\"><a href=\"https:\/\/cirandadaarte.com.br\/webzine\/audiovisiual\/\" class=\"elementor-sub-item\">AUDIOVISUAL<\/a><\/li>\n<\/ul>\n<\/li>\n<li class=\"menu-item menu-item-type-custom menu-item-object-custom menu-item-127\"><a href=\"https:\/\/cirandadaarte.com.br\/webzine\/publicacao\/\" class=\"elementor-item\">PUBLICA\u00c7\u00d5ES<\/a><\/li>\n<li class=\"menu-item menu-item-type-post_type menu-item-object-page menu-item-6953\"><a href=\"https:\/\/cirandadaarte.com.br\/webzine\/galeria-virtual\/\" class=\"elementor-item\">GALERIA VIRTUAL<\/a><\/li>\n<\/ul>\t\t\t<\/nav>\n\t\t\t\t\t<div class=\"elementor-menu-toggle\" role=\"button\" tabindex=\"0\" aria-label=\"Menu Toggle\" aria-expanded=\"false\">\n\t\t\t<i aria-hidden=\"true\" role=\"presentation\" class=\"elementor-menu-toggle__icon--open eicon-menu-bar\"><\/i><i aria-hidden=\"true\" role=\"presentation\" class=\"elementor-menu-toggle__icon--close eicon-close\"><\/i>\t\t\t<span class=\"elementor-screen-only\">Menu<\/span>\n\t\t<\/div>\n\t\t\t\t\t<nav class=\"elementor-nav-menu--dropdown elementor-nav-menu__container\" aria-hidden=\"true\">\n\t\t\t\t<ul id=\"menu-2-a7e809e\" class=\"elementor-nav-menu\"><li class=\"menu-item menu-item-type-post_type menu-item-object-page menu-item-home menu-item-120\"><a href=\"https:\/\/cirandadaarte.com.br\/webzine\/\" class=\"elementor-item\" tabindex=\"-1\">HOME<\/a><\/li>\n<li class=\"menu-item menu-item-type-custom menu-item-object-custom menu-item-has-children menu-item-121\"><a href=\"#\" class=\"elementor-item elementor-item-anchor\" tabindex=\"-1\">AREAS<\/a>\n<ul class=\"sub-menu elementor-nav-menu--dropdown\">\n\t<li class=\"menu-item menu-item-type-post_type menu-item-object-page menu-item-200\"><a href=\"https:\/\/cirandadaarte.com.br\/webzine\/artes-visuais\/\" class=\"elementor-sub-item\" tabindex=\"-1\">ARTES VISUAIS<\/a><\/li>\n\t<li class=\"menu-item menu-item-type-post_type menu-item-object-page menu-item-713\"><a href=\"https:\/\/cirandadaarte.com.br\/webzine\/danca\/\" class=\"elementor-sub-item\" tabindex=\"-1\">DAN\u00c7A<\/a><\/li>\n\t<li class=\"menu-item menu-item-type-post_type menu-item-object-page menu-item-714\"><a href=\"https:\/\/cirandadaarte.com.br\/webzine\/musica\/\" class=\"elementor-sub-item\" tabindex=\"-1\">MUSICA<\/a><\/li>\n\t<li class=\"menu-item menu-item-type-post_type menu-item-object-page menu-item-712\"><a href=\"https:\/\/cirandadaarte.com.br\/webzine\/teatro\/\" class=\"elementor-sub-item\" tabindex=\"-1\">TEATRO<\/a><\/li>\n\t<li class=\"menu-item menu-item-type-post_type menu-item-object-page menu-item-8002\"><a href=\"https:\/\/cirandadaarte.com.br\/webzine\/audiovisiual\/\" class=\"elementor-sub-item\" tabindex=\"-1\">AUDIOVISUAL<\/a><\/li>\n<\/ul>\n<\/li>\n<li class=\"menu-item menu-item-type-custom menu-item-object-custom menu-item-127\"><a href=\"https:\/\/cirandadaarte.com.br\/webzine\/publicacao\/\" class=\"elementor-item\" tabindex=\"-1\">PUBLICA\u00c7\u00d5ES<\/a><\/li>\n<li class=\"menu-item menu-item-type-post_type menu-item-object-page menu-item-6953\"><a href=\"https:\/\/cirandadaarte.com.br\/webzine\/galeria-virtual\/\" class=\"elementor-item\" tabindex=\"-1\">GALERIA VIRTUAL<\/a><\/li>\n<\/ul>\t\t\t<\/nav>\n\t\t\t\t\t\t<\/div>\n\t\t\t\t<\/div>\n\t\t\t\t\t<\/div>\n\t\t<\/div>\n\t\t\t\t\t<\/div>\n\t\t<\/section>\n\t\t\t\t<section class=\"elementor-section elementor-top-section elementor-element elementor-element-a40dfac elementor-section-full_width elementor-section-height-default elementor-section-height-default\" data-id=\"a40dfac\" data-element_type=\"section\">\n\t\t\t\t\t\t<div class=\"elementor-container elementor-column-gap-no\">\n\t\t\t\t\t<div class=\"elementor-column elementor-col-100 elementor-top-column elementor-element elementor-element-ba84787\" data-id=\"ba84787\" data-element_type=\"column\">\n\t\t\t<div class=\"elementor-widget-wrap elementor-element-populated\">\n\t\t\t\t\t\t<div class=\"elementor-element elementor-element-20da7c1 elementor-widget elementor-widget-image\" data-id=\"20da7c1\" data-element_type=\"widget\" data-widget_type=\"image.default\">\n\t\t\t\t<div class=\"elementor-widget-container\">\n\t\t\t\t\t\t\t\t\t\t\t\t\t\t\t<img fetchpriority=\"high\" decoding=\"async\" width=\"2560\" height=\"860\" src=\"https:\/\/cirandadaarte.com.br\/webzine\/wp-content\/uploads\/2024\/09\/Banner-Audiovisual-Ciranda-01-scaled.jpg\" class=\"attachment-full size-full wp-image-7995\" alt=\"\" srcset=\"https:\/\/cirandadaarte.com.br\/webzine\/wp-content\/uploads\/2024\/09\/Banner-Audiovisual-Ciranda-01-scaled.jpg 2560w, https:\/\/cirandadaarte.com.br\/webzine\/wp-content\/uploads\/2024\/09\/Banner-Audiovisual-Ciranda-01-300x101.jpg 300w, https:\/\/cirandadaarte.com.br\/webzine\/wp-content\/uploads\/2024\/09\/Banner-Audiovisual-Ciranda-01-1024x344.jpg 1024w, https:\/\/cirandadaarte.com.br\/webzine\/wp-content\/uploads\/2024\/09\/Banner-Audiovisual-Ciranda-01-768x258.jpg 768w, https:\/\/cirandadaarte.com.br\/webzine\/wp-content\/uploads\/2024\/09\/Banner-Audiovisual-Ciranda-01-1536x516.jpg 1536w, https:\/\/cirandadaarte.com.br\/webzine\/wp-content\/uploads\/2024\/09\/Banner-Audiovisual-Ciranda-01-2048x688.jpg 2048w, https:\/\/cirandadaarte.com.br\/webzine\/wp-content\/uploads\/2024\/09\/Banner-Audiovisual-Ciranda-01-1200x403.jpg 1200w, https:\/\/cirandadaarte.com.br\/webzine\/wp-content\/uploads\/2024\/09\/Banner-Audiovisual-Ciranda-01-1980x665.jpg 1980w\" sizes=\"(max-width: 2560px) 100vw, 2560px\" \/>\t\t\t\t\t\t\t\t\t\t\t\t\t\t\t<\/div>\n\t\t\t\t<\/div>\n\t\t\t\t\t<\/div>\n\t\t<\/div>\n\t\t\t\t\t<\/div>\n\t\t<\/section>\n\t\t\t\t<section class=\"elementor-section elementor-top-section elementor-element elementor-element-5c2812a elementor-section-boxed elementor-section-height-default elementor-section-height-default\" data-id=\"5c2812a\" data-element_type=\"section\" data-settings=\"{&quot;background_background&quot;:&quot;classic&quot;}\">\n\t\t\t\t\t\t<div class=\"elementor-container elementor-column-gap-default\">\n\t\t\t\t\t<div class=\"elementor-column elementor-col-100 elementor-top-column elementor-element elementor-element-0c50f8a\" data-id=\"0c50f8a\" data-element_type=\"column\">\n\t\t\t<div class=\"elementor-widget-wrap elementor-element-populated\">\n\t\t\t\t\t\t<div class=\"elementor-element elementor-element-f703194 elementor-widget elementor-widget-text-editor\" data-id=\"f703194\" data-element_type=\"widget\" data-widget_type=\"text-editor.default\">\n\t\t\t\t<div class=\"elementor-widget-container\">\n\t\t\t\t\t\t\t\t\t<p style=\"text-align: justify;\">\u00c9 com grande entusiasmo que apresentamos a mais nova ferramenta pedag\u00f3gica do nosso portal: o <strong>Audiovisual<\/strong>. Em sintonia com as inova\u00e7\u00f5es educacionais promovidas pela Secretaria de Estado da Educa\u00e7\u00e3o, esta modalidade surge como uma poderosa aliada na socializa\u00e7\u00e3o de saberes e na partilha de experi\u00eancias.<\/p><p style=\"text-align: justify;\">O Audiovisual se destaca como um recurso essencial para fomentar a criatividade e o engajamento tanto de estudantes quanto de professores. Ao integrar ferramentas tecnol\u00f3gicas avan\u00e7adas, buscamos aprimorar o letramento digital e ampliar o repert\u00f3rio sociocultural de arte-educadores.<\/p><p style=\"text-align: justify;\">Com o Audiovisual, convidamos voc\u00ea a explorar novas formas de express\u00e3o e comunica\u00e7\u00e3o, enriquecendo suas pr\u00e1ticas pedag\u00f3gicas e vivenciando a arte em sua forma mais din\u00e2mica e envolvente. Prepare-se para uma jornada de descobertas e aprendizados que transcendem as barreiras do papel e da tela, promovendo uma verdadeira imers\u00e3o no universo das artes integradas.<\/p><p style=\"text-align: justify;\">Acompanhe-nos e seja parte dessa revolu\u00e7\u00e3o no ensino, onde o saber se transforma em experi\u00eancia e a arte se torna um caminho para a inova\u00e7\u00e3o educacional.<\/p>\t\t\t\t\t\t\t\t<\/div>\n\t\t\t\t<\/div>\n\t\t\t\t\t<\/div>\n\t\t<\/div>\n\t\t\t\t\t<\/div>\n\t\t<\/section>\n\t\t\t\t<section class=\"elementor-section elementor-top-section elementor-element elementor-element-e305539 elementor-section-boxed elementor-section-height-default elementor-section-height-default\" data-id=\"e305539\" data-element_type=\"section\">\n\t\t\t\t\t\t<div class=\"elementor-container elementor-column-gap-default\">\n\t\t\t\t\t<div class=\"elementor-column elementor-col-25 elementor-top-column elementor-element elementor-element-ecdf9b6\" data-id=\"ecdf9b6\" data-element_type=\"column\">\n\t\t\t<div class=\"elementor-widget-wrap elementor-element-populated\">\n\t\t\t\t\t\t<div class=\"elementor-element elementor-element-bdf50d1 elementor-widget elementor-widget-image\" data-id=\"bdf50d1\" data-element_type=\"widget\" data-widget_type=\"image.default\">\n\t\t\t\t<div class=\"elementor-widget-container\">\n\t\t\t\t\t\t\t\t\t\t\t\t\t\t\t\t<a href=\"https:\/\/cirandadaarte.com.br\/webzine\/pequipod\/\">\n\t\t\t\t\t\t\t<img decoding=\"async\" width=\"640\" height=\"854\" src=\"https:\/\/cirandadaarte.com.br\/webzine\/wp-content\/uploads\/2024\/09\/Botoes-AUDIOVISUAL-14.jpg\" class=\"elementor-animation-shrink attachment-large size-large wp-image-7918\" alt=\"\" srcset=\"https:\/\/cirandadaarte.com.br\/webzine\/wp-content\/uploads\/2024\/09\/Botoes-AUDIOVISUAL-14.jpg 642w, https:\/\/cirandadaarte.com.br\/webzine\/wp-content\/uploads\/2024\/09\/Botoes-AUDIOVISUAL-14-225x300.jpg 225w\" sizes=\"(max-width: 34.9rem) calc(100vw - 2rem), (max-width: 53rem) calc(8 * (100vw \/ 12)), (min-width: 53rem) calc(6 * (100vw \/ 12)), 100vw\" \/>\t\t\t\t\t\t\t\t<\/a>\n\t\t\t\t\t\t\t\t\t\t\t\t\t\t\t<\/div>\n\t\t\t\t<\/div>\n\t\t\t\t\t<\/div>\n\t\t<\/div>\n\t\t\t\t<div class=\"elementor-column elementor-col-25 elementor-top-column elementor-element elementor-element-d232078\" data-id=\"d232078\" data-element_type=\"column\">\n\t\t\t<div class=\"elementor-widget-wrap elementor-element-populated\">\n\t\t\t\t\t\t<div class=\"elementor-element elementor-element-9a153fd elementor-widget elementor-widget-image\" data-id=\"9a153fd\" data-element_type=\"widget\" data-widget_type=\"image.default\">\n\t\t\t\t<div class=\"elementor-widget-container\">\n\t\t\t\t\t\t\t\t\t\t\t\t\t\t\t\t<a href=\"https:\/\/cirandadaarte.com.br\/webzine\/musica-flauta-doce\/\">\n\t\t\t\t\t\t\t<img decoding=\"async\" width=\"640\" height=\"854\" src=\"https:\/\/cirandadaarte.com.br\/webzine\/wp-content\/uploads\/2024\/09\/Botoes-AUDIOVISUAL-15.jpg\" class=\"elementor-animation-shrink attachment-large size-large wp-image-7919\" alt=\"\" srcset=\"https:\/\/cirandadaarte.com.br\/webzine\/wp-content\/uploads\/2024\/09\/Botoes-AUDIOVISUAL-15.jpg 642w, https:\/\/cirandadaarte.com.br\/webzine\/wp-content\/uploads\/2024\/09\/Botoes-AUDIOVISUAL-15-225x300.jpg 225w\" sizes=\"(max-width: 34.9rem) calc(100vw - 2rem), (max-width: 53rem) calc(8 * (100vw \/ 12)), (min-width: 53rem) calc(6 * (100vw \/ 12)), 100vw\" \/>\t\t\t\t\t\t\t\t<\/a>\n\t\t\t\t\t\t\t\t\t\t\t\t\t\t\t<\/div>\n\t\t\t\t<\/div>\n\t\t\t\t\t<\/div>\n\t\t<\/div>\n\t\t\t\t<div class=\"elementor-column elementor-col-25 elementor-top-column elementor-element elementor-element-7edddc9\" data-id=\"7edddc9\" data-element_type=\"column\">\n\t\t\t<div class=\"elementor-widget-wrap elementor-element-populated\">\n\t\t\t\t\t\t<div class=\"elementor-element elementor-element-d0dedb4 elementor-hidden-desktop elementor-hidden-tablet elementor-hidden-mobile elementor-widget elementor-widget-image\" data-id=\"d0dedb4\" data-element_type=\"widget\" data-widget_type=\"image.default\">\n\t\t\t\t<div class=\"elementor-widget-container\">\n\t\t\t\t\t\t\t\t\t\t\t\t\t\t\t\t<a href=\"https:\/\/cirandadaarte.com.br\/webzine\/dicionario-brasil-central-bariani\/\">\n\t\t\t\t\t\t\t<img loading=\"lazy\" decoding=\"async\" width=\"640\" height=\"854\" src=\"https:\/\/cirandadaarte.com.br\/webzine\/wp-content\/uploads\/2025\/03\/Livro_Bariani_ajustado_borda_branca_Prancheta-1.jpg\" class=\"elementor-animation-shrink attachment-large size-large wp-image-8357\" alt=\"\" srcset=\"https:\/\/cirandadaarte.com.br\/webzine\/wp-content\/uploads\/2025\/03\/Livro_Bariani_ajustado_borda_branca_Prancheta-1.jpg 642w, https:\/\/cirandadaarte.com.br\/webzine\/wp-content\/uploads\/2025\/03\/Livro_Bariani_ajustado_borda_branca_Prancheta-1-225x300.jpg 225w\" sizes=\"(max-width: 34.9rem) calc(100vw - 2rem), (max-width: 53rem) calc(8 * (100vw \/ 12)), (min-width: 53rem) calc(6 * (100vw \/ 12)), 100vw\" \/>\t\t\t\t\t\t\t\t<\/a>\n\t\t\t\t\t\t\t\t\t\t\t\t\t\t\t<\/div>\n\t\t\t\t<\/div>\n\t\t\t\t\t<\/div>\n\t\t<\/div>\n\t\t\t\t<div class=\"elementor-column elementor-col-25 elementor-top-column elementor-element elementor-element-6570a68\" data-id=\"6570a68\" data-element_type=\"column\">\n\t\t\t<div class=\"elementor-widget-wrap\">\n\t\t\t\t\t\t\t<\/div>\n\t\t<\/div>\n\t\t\t\t\t<\/div>\n\t\t<\/section>\n\t\t\t\t<section class=\"elementor-section elementor-top-section elementor-element elementor-element-dc3d1b3 elementor-section-boxed elementor-section-height-default elementor-section-height-default\" data-id=\"dc3d1b3\" data-element_type=\"section\">\n\t\t\t\t\t\t<div class=\"elementor-container elementor-column-gap-default\">\n\t\t\t\t\t<div class=\"elementor-column elementor-col-100 elementor-top-column elementor-element elementor-element-40d6228\" data-id=\"40d6228\" data-element_type=\"column\">\n\t\t\t<div class=\"elementor-widget-wrap elementor-element-populated\">\n\t\t\t\t\t\t<div class=\"elementor-element elementor-element-f02a463 elementor-widget elementor-widget-spacer\" data-id=\"f02a463\" data-element_type=\"widget\" data-widget_type=\"spacer.default\">\n\t\t\t\t<div class=\"elementor-widget-container\">\n\t\t\t\t\t\t\t<div class=\"elementor-spacer\">\n\t\t\t<div class=\"elementor-spacer-inner\"><\/div>\n\t\t<\/div>\n\t\t\t\t\t\t<\/div>\n\t\t\t\t<\/div>\n\t\t\t\t\t<\/div>\n\t\t<\/div>\n\t\t\t\t\t<\/div>\n\t\t<\/section>\n\t\t\t\t<\/div>\n\t\t","protected":false},"excerpt":{"rendered":"<p>\u00c9 com grande entusiasmo que apresentamos a mais nova ferramenta pedag\u00f3gica do nosso portal: o Audiovisual. Em sintonia com as inova\u00e7\u00f5es educacionais promovidas pela Secretaria de Estado da Educa\u00e7\u00e3o, esta modalidade surge como uma poderosa aliada na socializa\u00e7\u00e3o de saberes e na partilha de experi\u00eancias. O Audiovisual se destaca como um recurso essencial para fomentar &hellip; <\/p>\n<p class=\"link-more\"><a href=\"https:\/\/cirandadaarte.com.br\/webzine\/audiovisiual\/\" class=\"more-link\">Continue lendo<span class=\"screen-reader-text\"> &#8220;Audiovisiual&#8221;<\/span><\/a><\/p>\n","protected":false},"author":1,"featured_media":0,"parent":0,"menu_order":0,"comment_status":"closed","ping_status":"closed","template":"elementor_canvas","meta":{"footnotes":""},"class_list":["post-7875","page","type-page","status-publish","hentry","entry"],"_links":{"self":[{"href":"https:\/\/cirandadaarte.com.br\/webzine\/wp-json\/wp\/v2\/pages\/7875","targetHints":{"allow":["GET"]}}],"collection":[{"href":"https:\/\/cirandadaarte.com.br\/webzine\/wp-json\/wp\/v2\/pages"}],"about":[{"href":"https:\/\/cirandadaarte.com.br\/webzine\/wp-json\/wp\/v2\/types\/page"}],"author":[{"embeddable":true,"href":"https:\/\/cirandadaarte.com.br\/webzine\/wp-json\/wp\/v2\/users\/1"}],"replies":[{"embeddable":true,"href":"https:\/\/cirandadaarte.com.br\/webzine\/wp-json\/wp\/v2\/comments?post=7875"}],"version-history":[{"count":67,"href":"https:\/\/cirandadaarte.com.br\/webzine\/wp-json\/wp\/v2\/pages\/7875\/revisions"}],"predecessor-version":[{"id":8684,"href":"https:\/\/cirandadaarte.com.br\/webzine\/wp-json\/wp\/v2\/pages\/7875\/revisions\/8684"}],"wp:attachment":[{"href":"https:\/\/cirandadaarte.com.br\/webzine\/wp-json\/wp\/v2\/media?parent=7875"}],"curies":[{"name":"wp","href":"https:\/\/api.w.org\/{rel}","templated":true}]}}