{"id":8379,"date":"2025-03-25T19:28:19","date_gmt":"2025-03-25T19:28:19","guid":{"rendered":"https:\/\/cirandadaarte.com.br\/webzine\/?page_id=8379"},"modified":"2025-05-06T00:00:09","modified_gmt":"2025-05-06T00:00:09","slug":"dicionario-brasil-central-bariani","status":"publish","type":"page","link":"https:\/\/cirandadaarte.com.br\/webzine\/dicionario-brasil-central-bariani\/","title":{"rendered":"dicionario-brasil-central-bariani"},"content":{"rendered":"\t\t<div data-elementor-type=\"wp-page\" data-elementor-id=\"8379\" class=\"elementor elementor-8379\" data-elementor-post-type=\"page\">\n\t\t\t\t\t\t<section class=\"elementor-section elementor-top-section elementor-element elementor-element-9291e56 elementor-section-full_width elementor-section-height-default elementor-section-height-default\" data-id=\"9291e56\" data-element_type=\"section\" data-settings=\"{&quot;background_background&quot;:&quot;classic&quot;}\">\n\t\t\t\t\t\t<div class=\"elementor-container elementor-column-gap-default\">\n\t\t\t\t\t<div class=\"elementor-column elementor-col-33 elementor-top-column elementor-element elementor-element-1e989c2\" data-id=\"1e989c2\" data-element_type=\"column\" data-settings=\"{&quot;background_background&quot;:&quot;classic&quot;}\">\n\t\t\t<div class=\"elementor-widget-wrap\">\n\t\t\t\t\t\t\t<\/div>\n\t\t<\/div>\n\t\t\t\t<div class=\"elementor-column elementor-col-33 elementor-top-column elementor-element elementor-element-57701db elementor-hidden-tablet elementor-hidden-mobile\" data-id=\"57701db\" data-element_type=\"column\">\n\t\t\t<div class=\"elementor-widget-wrap elementor-element-populated\">\n\t\t\t\t\t\t<div class=\"elementor-element elementor-element-be5a01e elementor-hidden-tablet elementor-hidden-mobile elementor-widget elementor-widget-heading\" data-id=\"be5a01e\" data-element_type=\"widget\" data-widget_type=\"heading.default\">\n\t\t\t\t<div class=\"elementor-widget-container\">\n\t\t\t\t\t<h6 class=\"elementor-heading-title elementor-size-medium\"><a href=\"https:\/\/cirandadaarte.com.br\/acessibilidade\/\">Acessibilidades<\/a><\/h6>\t\t\t\t<\/div>\n\t\t\t\t<\/div>\n\t\t\t\t\t<\/div>\n\t\t<\/div>\n\t\t\t\t<div class=\"elementor-column elementor-col-33 elementor-top-column elementor-element elementor-element-d0e6d67\" data-id=\"d0e6d67\" data-element_type=\"column\">\n\t\t\t<div class=\"elementor-widget-wrap elementor-element-populated\">\n\t\t\t\t\t\t<div class=\"elementor-element elementor-element-a21d9d9 elementor-nav-menu__align-center elementor-nav-menu--dropdown-tablet elementor-nav-menu__text-align-aside elementor-nav-menu--toggle elementor-nav-menu--burger elementor-widget elementor-widget-nav-menu\" data-id=\"a21d9d9\" data-element_type=\"widget\" data-settings=\"{&quot;layout&quot;:&quot;horizontal&quot;,&quot;submenu_icon&quot;:{&quot;value&quot;:&quot;&lt;i class=\\&quot;fas fa-caret-down\\&quot;&gt;&lt;\\\/i&gt;&quot;,&quot;library&quot;:&quot;fa-solid&quot;},&quot;toggle&quot;:&quot;burger&quot;}\" data-widget_type=\"nav-menu.default\">\n\t\t\t\t<div class=\"elementor-widget-container\">\n\t\t\t\t\t\t\t\t<nav aria-label=\"Menu\" class=\"elementor-nav-menu--main elementor-nav-menu__container elementor-nav-menu--layout-horizontal e--pointer-underline e--animation-fade\">\n\t\t\t\t<ul id=\"menu-1-a21d9d9\" class=\"elementor-nav-menu\"><li class=\"menu-item menu-item-type-post_type menu-item-object-page menu-item-home menu-item-120\"><a href=\"https:\/\/cirandadaarte.com.br\/webzine\/\" class=\"elementor-item\">HOME<\/a><\/li>\n<li class=\"menu-item menu-item-type-custom menu-item-object-custom menu-item-has-children menu-item-121\"><a href=\"#\" class=\"elementor-item elementor-item-anchor\">AREAS<\/a>\n<ul class=\"sub-menu elementor-nav-menu--dropdown\">\n\t<li class=\"menu-item menu-item-type-post_type menu-item-object-page menu-item-200\"><a href=\"https:\/\/cirandadaarte.com.br\/webzine\/artes-visuais\/\" class=\"elementor-sub-item\">ARTES VISUAIS<\/a><\/li>\n\t<li class=\"menu-item menu-item-type-post_type menu-item-object-page menu-item-713\"><a href=\"https:\/\/cirandadaarte.com.br\/webzine\/danca\/\" class=\"elementor-sub-item\">DAN\u00c7A<\/a><\/li>\n\t<li class=\"menu-item menu-item-type-post_type menu-item-object-page menu-item-714\"><a href=\"https:\/\/cirandadaarte.com.br\/webzine\/musica\/\" class=\"elementor-sub-item\">MUSICA<\/a><\/li>\n\t<li class=\"menu-item menu-item-type-post_type menu-item-object-page menu-item-712\"><a href=\"https:\/\/cirandadaarte.com.br\/webzine\/teatro\/\" class=\"elementor-sub-item\">TEATRO<\/a><\/li>\n\t<li class=\"menu-item menu-item-type-post_type menu-item-object-page menu-item-8002\"><a href=\"https:\/\/cirandadaarte.com.br\/webzine\/audiovisiual\/\" class=\"elementor-sub-item\">AUDIOVISUAL<\/a><\/li>\n<\/ul>\n<\/li>\n<li class=\"menu-item menu-item-type-custom menu-item-object-custom menu-item-127\"><a href=\"https:\/\/cirandadaarte.com.br\/webzine\/publicacao\/\" class=\"elementor-item\">PUBLICA\u00c7\u00d5ES<\/a><\/li>\n<li class=\"menu-item menu-item-type-post_type menu-item-object-page menu-item-6953\"><a href=\"https:\/\/cirandadaarte.com.br\/webzine\/galeria-virtual\/\" class=\"elementor-item\">GALERIA VIRTUAL<\/a><\/li>\n<\/ul>\t\t\t<\/nav>\n\t\t\t\t\t<div class=\"elementor-menu-toggle\" role=\"button\" tabindex=\"0\" aria-label=\"Menu Toggle\" aria-expanded=\"false\">\n\t\t\t<i aria-hidden=\"true\" role=\"presentation\" class=\"elementor-menu-toggle__icon--open eicon-menu-bar\"><\/i><i aria-hidden=\"true\" role=\"presentation\" class=\"elementor-menu-toggle__icon--close eicon-close\"><\/i>\t\t\t<span class=\"elementor-screen-only\">Menu<\/span>\n\t\t<\/div>\n\t\t\t\t\t<nav class=\"elementor-nav-menu--dropdown elementor-nav-menu__container\" aria-hidden=\"true\">\n\t\t\t\t<ul id=\"menu-2-a21d9d9\" class=\"elementor-nav-menu\"><li class=\"menu-item menu-item-type-post_type menu-item-object-page menu-item-home menu-item-120\"><a href=\"https:\/\/cirandadaarte.com.br\/webzine\/\" class=\"elementor-item\" tabindex=\"-1\">HOME<\/a><\/li>\n<li class=\"menu-item menu-item-type-custom menu-item-object-custom menu-item-has-children menu-item-121\"><a href=\"#\" class=\"elementor-item elementor-item-anchor\" tabindex=\"-1\">AREAS<\/a>\n<ul class=\"sub-menu elementor-nav-menu--dropdown\">\n\t<li class=\"menu-item menu-item-type-post_type menu-item-object-page menu-item-200\"><a href=\"https:\/\/cirandadaarte.com.br\/webzine\/artes-visuais\/\" class=\"elementor-sub-item\" tabindex=\"-1\">ARTES VISUAIS<\/a><\/li>\n\t<li class=\"menu-item menu-item-type-post_type menu-item-object-page menu-item-713\"><a href=\"https:\/\/cirandadaarte.com.br\/webzine\/danca\/\" class=\"elementor-sub-item\" tabindex=\"-1\">DAN\u00c7A<\/a><\/li>\n\t<li class=\"menu-item menu-item-type-post_type menu-item-object-page menu-item-714\"><a href=\"https:\/\/cirandadaarte.com.br\/webzine\/musica\/\" class=\"elementor-sub-item\" tabindex=\"-1\">MUSICA<\/a><\/li>\n\t<li class=\"menu-item menu-item-type-post_type menu-item-object-page menu-item-712\"><a href=\"https:\/\/cirandadaarte.com.br\/webzine\/teatro\/\" class=\"elementor-sub-item\" tabindex=\"-1\">TEATRO<\/a><\/li>\n\t<li class=\"menu-item menu-item-type-post_type menu-item-object-page menu-item-8002\"><a href=\"https:\/\/cirandadaarte.com.br\/webzine\/audiovisiual\/\" class=\"elementor-sub-item\" tabindex=\"-1\">AUDIOVISUAL<\/a><\/li>\n<\/ul>\n<\/li>\n<li class=\"menu-item menu-item-type-custom menu-item-object-custom menu-item-127\"><a href=\"https:\/\/cirandadaarte.com.br\/webzine\/publicacao\/\" class=\"elementor-item\" tabindex=\"-1\">PUBLICA\u00c7\u00d5ES<\/a><\/li>\n<li class=\"menu-item menu-item-type-post_type menu-item-object-page menu-item-6953\"><a href=\"https:\/\/cirandadaarte.com.br\/webzine\/galeria-virtual\/\" class=\"elementor-item\" tabindex=\"-1\">GALERIA VIRTUAL<\/a><\/li>\n<\/ul>\t\t\t<\/nav>\n\t\t\t\t\t\t<\/div>\n\t\t\t\t<\/div>\n\t\t\t\t\t<\/div>\n\t\t<\/div>\n\t\t\t\t\t<\/div>\n\t\t<\/section>\n\t\t\t\t<section class=\"elementor-section elementor-top-section elementor-element elementor-element-01f1a3a elementor-section-full_width elementor-section-height-default elementor-section-height-default\" data-id=\"01f1a3a\" data-element_type=\"section\">\n\t\t\t\t\t\t<div class=\"elementor-container elementor-column-gap-default\">\n\t\t\t\t\t<div class=\"elementor-column elementor-col-100 elementor-top-column elementor-element elementor-element-ebcd355\" data-id=\"ebcd355\" data-element_type=\"column\">\n\t\t\t<div class=\"elementor-widget-wrap elementor-element-populated\">\n\t\t\t\t\t\t<div class=\"elementor-element elementor-element-b81c1ac elementor-widget elementor-widget-image\" data-id=\"b81c1ac\" data-element_type=\"widget\" data-widget_type=\"image.default\">\n\t\t\t\t<div class=\"elementor-widget-container\">\n\t\t\t\t\t\t\t\t\t\t\t\t\t\t\t<img fetchpriority=\"high\" decoding=\"async\" width=\"1431\" height=\"478\" src=\"https:\/\/cirandadaarte.com.br\/webzine\/wp-content\/uploads\/2025\/03\/Dicionario-do-Brasil-Central-de-Bariani-Ortencio-4.png\" class=\"attachment-full size-full wp-image-8384\" alt=\"\" srcset=\"https:\/\/cirandadaarte.com.br\/webzine\/wp-content\/uploads\/2025\/03\/Dicionario-do-Brasil-Central-de-Bariani-Ortencio-4.png 1431w, https:\/\/cirandadaarte.com.br\/webzine\/wp-content\/uploads\/2025\/03\/Dicionario-do-Brasil-Central-de-Bariani-Ortencio-4-300x100.png 300w, https:\/\/cirandadaarte.com.br\/webzine\/wp-content\/uploads\/2025\/03\/Dicionario-do-Brasil-Central-de-Bariani-Ortencio-4-1024x342.png 1024w, https:\/\/cirandadaarte.com.br\/webzine\/wp-content\/uploads\/2025\/03\/Dicionario-do-Brasil-Central-de-Bariani-Ortencio-4-768x257.png 768w\" sizes=\"(max-width: 1431px) 100vw, 1431px\" \/>\t\t\t\t\t\t\t\t\t\t\t\t\t\t\t<\/div>\n\t\t\t\t<\/div>\n\t\t\t\t\t<\/div>\n\t\t<\/div>\n\t\t\t\t\t<\/div>\n\t\t<\/section>\n\t\t\t\t<section class=\"elementor-section elementor-top-section elementor-element elementor-element-b07dabd elementor-section-boxed elementor-section-height-default elementor-section-height-default\" data-id=\"b07dabd\" data-element_type=\"section\">\n\t\t\t\t\t\t<div class=\"elementor-container elementor-column-gap-no\">\n\t\t\t\t\t<div class=\"elementor-column elementor-col-100 elementor-top-column elementor-element elementor-element-9293151\" data-id=\"9293151\" data-element_type=\"column\">\n\t\t\t<div class=\"elementor-widget-wrap elementor-element-populated\">\n\t\t\t\t\t\t<div class=\"elementor-element elementor-element-6895d49 elementor-widget elementor-widget-text-editor\" data-id=\"6895d49\" data-element_type=\"widget\" data-widget_type=\"text-editor.default\">\n\t\t\t\t<div class=\"elementor-widget-container\">\n\t\t\t\t\t\t\t\t\t<p>Apresenta\u00e7\u00e3o do Projeto<\/p>\t\t\t\t\t\t\t\t<\/div>\n\t\t\t\t<\/div>\n\t\t\t\t\t<\/div>\n\t\t<\/div>\n\t\t\t\t\t<\/div>\n\t\t<\/section>\n\t\t\t\t<section class=\"elementor-section elementor-top-section elementor-element elementor-element-3539e28 elementor-section-boxed elementor-section-height-default elementor-section-height-default\" data-id=\"3539e28\" data-element_type=\"section\">\n\t\t\t\t\t\t<div class=\"elementor-container elementor-column-gap-no\">\n\t\t\t\t\t<div class=\"elementor-column elementor-col-100 elementor-top-column elementor-element elementor-element-d814cde\" data-id=\"d814cde\" data-element_type=\"column\">\n\t\t\t<div class=\"elementor-widget-wrap elementor-element-populated\">\n\t\t\t\t\t\t<div class=\"elementor-element elementor-element-313547b elementor-widget elementor-widget-text-editor\" data-id=\"313547b\" data-element_type=\"widget\" data-widget_type=\"text-editor.default\">\n\t\t\t\t<div class=\"elementor-widget-container\">\n\t\t\t\t\t\t\t\t\t<p><span style=\"font-weight: 400;\">Esta aba integra o Eixo Publica\u00e7\u00f5es do site WebZine do Centro de Estudo e Pesquisa Ciranda da Arte e \u00e9 dedicada \u00e0 vers\u00e3o digital do <\/span><i><span style=\"font-weight: 400;\">Dicion\u00e1rio Central do Brasil Central<\/span><\/i><span style=\"font-weight: 400;\">, de Bariani Ortencio. Esta iniciativa resulta de uma parceria bem-sucedida entre o Centro de Estudo e Pesquisa Ciranda da Arte, o Instituto Cultural e Educacional Bariani Ortencio (ICEBO) e o professor Wolney Alfredo Arruda Unes, organizador da 2\u00aa edi\u00e7\u00e3o da obra.<\/span><\/p><p><span style=\"font-weight: 400;\">O objetivo desta aba \u00e9 disponibilizar o <\/span><i><span style=\"font-weight: 400;\">Dicion\u00e1rio Central do Brasil Central<\/span><\/i><span style=\"font-weight: 400;\"> para download e instala\u00e7\u00e3o, permitindo que educadores, pesquisadores e demais interessados possam acess\u00e1-lo em seus computadores. A obra \u00e9 um recurso valioso para o ensino da l\u00edngua portuguesa, favorecendo abordagens que contemplam a varia\u00e7\u00e3o lingu\u00edstica, a sociolingu\u00edstica e a literatura goiana.<\/span><\/p><p><span style=\"font-weight: 400;\">A vers\u00e3o digital do <\/span><i><span style=\"font-weight: 400;\">Dicion\u00e1rio Central do Brasil Central<\/span><\/i><span style=\"font-weight: 400;\"> est\u00e1 dispon\u00edvel gratuitamente para download. Os usu\u00e1rios poder\u00e3o instal\u00e1-lo em seus dispositivos para consulta e uso pedag\u00f3gico.<\/span><\/p><p><span style=\"font-weight: 400;\">Al\u00e9m do acesso ao dicion\u00e1rio, esta aba tamb\u00e9m acolhe propostas de sequ\u00eancias did\u00e1ticas voltadas \u00e0 aplica\u00e7\u00e3o da obra em contextos formativos de sala de aula. As sequ\u00eancias did\u00e1ticas contribuir\u00e3o para a valoriza\u00e7\u00e3o da diversidade lingu\u00edstica e cultural do Brasil Central, promovendo o desenvolvimento de pr\u00e1ticas pedag\u00f3gicas inovadoras.<\/span><\/p><p><span style=\"font-weight: 400;\">A disponibiliza\u00e7\u00e3o do <\/span><i><span style=\"font-weight: 400;\">Dicion\u00e1rio Central do Brasil Central<\/span><\/i><span style=\"font-weight: 400;\"> na vers\u00e3o digital fortalece a difus\u00e3o do conhecimento sobre a l\u00edngua e cultura regionais, contribuindo para a forma\u00e7\u00e3o de estudantes e pesquisadores. Al\u00e9m disso, a parceria estabelecida entre as institui\u00e7\u00f5es envolvidas refor\u00e7a o compromisso com a valoriza\u00e7\u00e3o do patrim\u00f4nio lingu\u00edstico e liter\u00e1rio goiano.<\/span><\/p>\t\t\t\t\t\t\t\t<\/div>\n\t\t\t\t<\/div>\n\t\t\t\t\t<\/div>\n\t\t<\/div>\n\t\t\t\t\t<\/div>\n\t\t<\/section>\n\t\t\t\t<section class=\"elementor-section elementor-top-section elementor-element elementor-element-0e00ae7 elementor-section-boxed elementor-section-height-default elementor-section-height-default\" data-id=\"0e00ae7\" data-element_type=\"section\">\n\t\t\t\t\t\t<div class=\"elementor-container elementor-column-gap-default\">\n\t\t\t\t\t<div class=\"elementor-column elementor-col-25 elementor-top-column elementor-element elementor-element-93a4fdb\" data-id=\"93a4fdb\" data-element_type=\"column\">\n\t\t\t<div class=\"elementor-widget-wrap\">\n\t\t\t\t\t\t\t<\/div>\n\t\t<\/div>\n\t\t\t\t<div class=\"elementor-column elementor-col-25 elementor-top-column elementor-element elementor-element-46ddb53\" data-id=\"46ddb53\" data-element_type=\"column\">\n\t\t\t<div class=\"elementor-widget-wrap elementor-element-populated\">\n\t\t\t\t\t\t<div class=\"elementor-element elementor-element-416fcbb elementor-widget elementor-widget-image\" data-id=\"416fcbb\" data-element_type=\"widget\" data-widget_type=\"image.default\">\n\t\t\t\t<div class=\"elementor-widget-container\">\n\t\t\t\t\t\t\t\t\t\t\t\t\t\t\t\t<a href=\"https:\/\/drive.google.com\/file\/d\/1yIOyqP0kY1TZiNp3pUDaTVBmQ0HoZvNt\/view?usp=sharing\" target=\"_blank\">\n\t\t\t\t\t\t\t<img decoding=\"async\" width=\"230\" height=\"40\" src=\"https:\/\/cirandadaarte.com.br\/webzine\/wp-content\/uploads\/2025\/04\/5.png\" class=\"elementor-animation-shrink attachment-full size-full wp-image-8432\" alt=\"\" \/>\t\t\t\t\t\t\t\t<\/a>\n\t\t\t\t\t\t\t\t\t\t\t\t\t\t\t<\/div>\n\t\t\t\t<\/div>\n\t\t\t\t\t<\/div>\n\t\t<\/div>\n\t\t\t\t<div class=\"elementor-column elementor-col-25 elementor-top-column elementor-element elementor-element-5e33b76\" data-id=\"5e33b76\" data-element_type=\"column\">\n\t\t\t<div class=\"elementor-widget-wrap elementor-element-populated\">\n\t\t\t\t\t\t<div class=\"elementor-element elementor-element-3767a9c elementor-widget elementor-widget-image\" data-id=\"3767a9c\" data-element_type=\"widget\" data-widget_type=\"image.default\">\n\t\t\t\t<div class=\"elementor-widget-container\">\n\t\t\t\t\t\t\t\t\t\t\t\t\t\t\t\t<a href=\"https:\/\/drive.google.com\/drive\/folders\/1JFUH6rRgoduvxHSgN0Wub13hOBOy0nQ1?usp=sharing\" target=\"_blank\">\n\t\t\t\t\t\t\t<img decoding=\"async\" width=\"230\" height=\"40\" src=\"https:\/\/cirandadaarte.com.br\/webzine\/wp-content\/uploads\/2025\/04\/4.png\" class=\"elementor-animation-shrink attachment-full size-full wp-image-8431\" alt=\"\" \/>\t\t\t\t\t\t\t\t<\/a>\n\t\t\t\t\t\t\t\t\t\t\t\t\t\t\t<\/div>\n\t\t\t\t<\/div>\n\t\t\t\t\t<\/div>\n\t\t<\/div>\n\t\t\t\t<div class=\"elementor-column elementor-col-25 elementor-top-column elementor-element elementor-element-4abcff7\" data-id=\"4abcff7\" data-element_type=\"column\">\n\t\t\t<div class=\"elementor-widget-wrap\">\n\t\t\t\t\t\t\t<\/div>\n\t\t<\/div>\n\t\t\t\t\t<\/div>\n\t\t<\/section>\n\t\t\t\t<section class=\"elementor-section elementor-top-section elementor-element elementor-element-e13149f elementor-section-boxed elementor-section-height-default elementor-section-height-default\" data-id=\"e13149f\" data-element_type=\"section\">\n\t\t\t\t\t\t<div class=\"elementor-container elementor-column-gap-no\">\n\t\t\t\t\t<div class=\"elementor-column elementor-col-100 elementor-top-column elementor-element elementor-element-9e41a24\" data-id=\"9e41a24\" data-element_type=\"column\">\n\t\t\t<div class=\"elementor-widget-wrap elementor-element-populated\">\n\t\t\t\t\t\t<div class=\"elementor-element elementor-element-6bf2722 elementor-widget elementor-widget-text-editor\" data-id=\"6bf2722\" data-element_type=\"widget\" data-widget_type=\"text-editor.default\">\n\t\t\t\t<div class=\"elementor-widget-container\">\n\t\t\t\t\t\t\t\t\t<p style=\"text-align: center;\">Tutorial &#8211; Acesso ao Dicion\u00e1rio do Brasil Central (Bariani\u00a0Ortencio)<\/p>\t\t\t\t\t\t\t\t<\/div>\n\t\t\t\t<\/div>\n\t\t\t\t\t<\/div>\n\t\t<\/div>\n\t\t\t\t\t<\/div>\n\t\t<\/section>\n\t\t\t\t<section class=\"elementor-section elementor-top-section elementor-element elementor-element-301196a elementor-section-boxed elementor-section-height-default elementor-section-height-default\" data-id=\"301196a\" data-element_type=\"section\">\n\t\t\t\t\t\t<div class=\"elementor-container elementor-column-gap-default\">\n\t\t\t\t\t<div class=\"elementor-column elementor-col-33 elementor-top-column elementor-element elementor-element-ab142b9\" data-id=\"ab142b9\" data-element_type=\"column\">\n\t\t\t<div class=\"elementor-widget-wrap\">\n\t\t\t\t\t\t\t<\/div>\n\t\t<\/div>\n\t\t\t\t<div class=\"elementor-column elementor-col-33 elementor-top-column elementor-element elementor-element-aaf7b44\" data-id=\"aaf7b44\" data-element_type=\"column\">\n\t\t\t<div class=\"elementor-widget-wrap elementor-element-populated\">\n\t\t\t\t\t\t<div class=\"elementor-element elementor-element-f0c4c2d elementor-widget elementor-widget-video\" data-id=\"f0c4c2d\" data-element_type=\"widget\" data-settings=\"{&quot;youtube_url&quot;:&quot;https:\\\/\\\/www.youtube.com\\\/watch?v=sz6QqanftiA&amp;t=3s&quot;,&quot;video_type&quot;:&quot;youtube&quot;,&quot;controls&quot;:&quot;yes&quot;}\" data-widget_type=\"video.default\">\n\t\t\t\t<div class=\"elementor-widget-container\">\n\t\t\t\t\t\t\t<div class=\"elementor-wrapper elementor-open-inline\">\n\t\t\t<div class=\"elementor-video\"><\/div>\t\t<\/div>\n\t\t\t\t\t\t<\/div>\n\t\t\t\t<\/div>\n\t\t\t\t\t<\/div>\n\t\t<\/div>\n\t\t\t\t<div class=\"elementor-column elementor-col-33 elementor-top-column elementor-element elementor-element-dfefb8c\" data-id=\"dfefb8c\" data-element_type=\"column\">\n\t\t\t<div class=\"elementor-widget-wrap\">\n\t\t\t\t\t\t\t<\/div>\n\t\t<\/div>\n\t\t\t\t\t<\/div>\n\t\t<\/section>\n\t\t\t\t<section class=\"elementor-section elementor-top-section elementor-element elementor-element-f136018 elementor-section-boxed elementor-section-height-default elementor-section-height-default\" data-id=\"f136018\" data-element_type=\"section\">\n\t\t\t\t\t\t<div class=\"elementor-container elementor-column-gap-no\">\n\t\t\t\t\t<div class=\"elementor-column elementor-col-100 elementor-top-column elementor-element elementor-element-6003d3e\" data-id=\"6003d3e\" data-element_type=\"column\">\n\t\t\t<div class=\"elementor-widget-wrap elementor-element-populated\">\n\t\t\t\t\t\t<div class=\"elementor-element elementor-element-8a7e550 elementor-widget elementor-widget-heading\" data-id=\"8a7e550\" data-element_type=\"widget\" data-widget_type=\"heading.default\">\n\t\t\t\t<div class=\"elementor-widget-container\">\n\t\t\t\t\t<h2 class=\"elementor-heading-title elementor-size-default\"><a href=\"https:\/\/drive.google.com\/file\/d\/1uJu6i_XqjPIEJMXjYaxNyXCwnk8F7bo4\/view?usp=sharing\">Download Clique Aqui<\/a><\/h2>\t\t\t\t<\/div>\n\t\t\t\t<\/div>\n\t\t\t\t\t<\/div>\n\t\t<\/div>\n\t\t\t\t\t<\/div>\n\t\t<\/section>\n\t\t\t\t<section class=\"elementor-section elementor-top-section elementor-element elementor-element-44c5dcb elementor-section-boxed elementor-section-height-default elementor-section-height-default\" data-id=\"44c5dcb\" data-element_type=\"section\">\n\t\t\t\t\t\t<div class=\"elementor-container elementor-column-gap-default\">\n\t\t\t\t\t<div class=\"elementor-column elementor-col-100 elementor-top-column elementor-element elementor-element-e47630a\" data-id=\"e47630a\" data-element_type=\"column\">\n\t\t\t<div class=\"elementor-widget-wrap elementor-element-populated\">\n\t\t\t\t\t\t<div class=\"elementor-element elementor-element-1d165c1 elementor-widget elementor-widget-image\" data-id=\"1d165c1\" data-element_type=\"widget\" data-widget_type=\"image.default\">\n\t\t\t\t<div class=\"elementor-widget-container\">\n\t\t\t\t\t\t\t\t\t\t\t\t\t\t\t\t<a href=\"https:\/\/drive.google.com\/file\/d\/1uJu6i_XqjPIEJMXjYaxNyXCwnk8F7bo4\/view?usp=sharing\" target=\"_blank\">\n\t\t\t\t\t\t\t<img loading=\"lazy\" decoding=\"async\" width=\"576\" height=\"630\" src=\"https:\/\/cirandadaarte.com.br\/webzine\/wp-content\/uploads\/2025\/03\/Dicionario-do-Brasil-Central-de-Bariani-Ortencio-2.png\" class=\"attachment-full size-full wp-image-8400\" alt=\"\" srcset=\"https:\/\/cirandadaarte.com.br\/webzine\/wp-content\/uploads\/2025\/03\/Dicionario-do-Brasil-Central-de-Bariani-Ortencio-2.png 576w, https:\/\/cirandadaarte.com.br\/webzine\/wp-content\/uploads\/2025\/03\/Dicionario-do-Brasil-Central-de-Bariani-Ortencio-2-274x300.png 274w\" sizes=\"(max-width: 576px) 100vw, 576px\" \/>\t\t\t\t\t\t\t\t<\/a>\n\t\t\t\t\t\t\t\t\t\t\t\t\t\t\t<\/div>\n\t\t\t\t<\/div>\n\t\t\t\t\t<\/div>\n\t\t<\/div>\n\t\t\t\t\t<\/div>\n\t\t<\/section>\n\t\t\t\t<section class=\"elementor-section elementor-top-section elementor-element elementor-element-8e30eef elementor-section-boxed elementor-section-height-default elementor-section-height-default\" data-id=\"8e30eef\" data-element_type=\"section\">\n\t\t\t\t\t\t<div class=\"elementor-container elementor-column-gap-default\">\n\t\t\t\t\t<div class=\"elementor-column elementor-col-100 elementor-top-column elementor-element elementor-element-948c6ca\" data-id=\"948c6ca\" data-element_type=\"column\">\n\t\t\t<div class=\"elementor-widget-wrap elementor-element-populated\">\n\t\t\t\t\t\t<div class=\"elementor-element elementor-element-ef24d94 elementor-widget elementor-widget-spacer\" data-id=\"ef24d94\" data-element_type=\"widget\" data-widget_type=\"spacer.default\">\n\t\t\t\t<div class=\"elementor-widget-container\">\n\t\t\t\t\t\t\t<div class=\"elementor-spacer\">\n\t\t\t<div class=\"elementor-spacer-inner\"><\/div>\n\t\t<\/div>\n\t\t\t\t\t\t<\/div>\n\t\t\t\t<\/div>\n\t\t\t\t\t<\/div>\n\t\t<\/div>\n\t\t\t\t\t<\/div>\n\t\t<\/section>\n\t\t\t\t<\/div>\n\t\t","protected":false},"excerpt":{"rendered":"<p>Acessibilidades Apresenta\u00e7\u00e3o do Projeto Esta aba integra o Eixo Publica\u00e7\u00f5es do site WebZine do Centro de Estudo e Pesquisa Ciranda da Arte e \u00e9 dedicada \u00e0 vers\u00e3o digital do Dicion\u00e1rio Central do Brasil Central, de Bariani Ortencio. Esta iniciativa resulta de uma parceria bem-sucedida entre o Centro de Estudo e Pesquisa Ciranda da Arte, o &hellip; <\/p>\n<p class=\"link-more\"><a href=\"https:\/\/cirandadaarte.com.br\/webzine\/dicionario-brasil-central-bariani\/\" class=\"more-link\">Continue lendo<span class=\"screen-reader-text\"> &#8220;dicionario-brasil-central-bariani&#8221;<\/span><\/a><\/p>\n","protected":false},"author":1,"featured_media":0,"parent":0,"menu_order":0,"comment_status":"closed","ping_status":"closed","template":"elementor_canvas","meta":{"footnotes":""},"class_list":["post-8379","page","type-page","status-publish","hentry","entry"],"_links":{"self":[{"href":"https:\/\/cirandadaarte.com.br\/webzine\/wp-json\/wp\/v2\/pages\/8379","targetHints":{"allow":["GET"]}}],"collection":[{"href":"https:\/\/cirandadaarte.com.br\/webzine\/wp-json\/wp\/v2\/pages"}],"about":[{"href":"https:\/\/cirandadaarte.com.br\/webzine\/wp-json\/wp\/v2\/types\/page"}],"author":[{"embeddable":true,"href":"https:\/\/cirandadaarte.com.br\/webzine\/wp-json\/wp\/v2\/users\/1"}],"replies":[{"embeddable":true,"href":"https:\/\/cirandadaarte.com.br\/webzine\/wp-json\/wp\/v2\/comments?post=8379"}],"version-history":[{"count":39,"href":"https:\/\/cirandadaarte.com.br\/webzine\/wp-json\/wp\/v2\/pages\/8379\/revisions"}],"predecessor-version":[{"id":8453,"href":"https:\/\/cirandadaarte.com.br\/webzine\/wp-json\/wp\/v2\/pages\/8379\/revisions\/8453"}],"wp:attachment":[{"href":"https:\/\/cirandadaarte.com.br\/webzine\/wp-json\/wp\/v2\/media?parent=8379"}],"curies":[{"name":"wp","href":"https:\/\/api.w.org\/{rel}","templated":true}]}}